{"id":582,"date":"2026-02-02T20:42:25","date_gmt":"2026-02-02T20:42:25","guid":{"rendered":"https:\/\/ajudasociallleida.com\/?page_id=582"},"modified":"2026-02-02T22:16:18","modified_gmt":"2026-02-02T22:16:18","slug":"ayuda-domicilio","status":"publish","type":"page","link":"https:\/\/ajudasociallleida.com\/es\/servicios\/ayuda-domicilio\/","title":{"rendered":"Ayuda a domicilio"},"content":{"rendered":"\t\t<div data-elementor-type=\"wp-page\" data-elementor-id=\"582\" class=\"elementor elementor-582 elementor-581\" data-elementor-post-type=\"page\">\n\t\t\t\t\t\t<section class=\"elementor-section elementor-top-section elementor-element elementor-element-0c187be elementor-section-full_width elementor-section-height-default elementor-section-height-default\" data-id=\"0c187be\" data-element_type=\"section\" data-settings=\"{&quot;background_background&quot;:&quot;classic&quot;,&quot;motion_fx_motion_fx_scrolling&quot;:&quot;yes&quot;,&quot;motion_fx_translateY_effect&quot;:&quot;yes&quot;,&quot;motion_fx_translateY_speed&quot;:{&quot;unit&quot;:&quot;px&quot;,&quot;size&quot;:4,&quot;sizes&quot;:[]},&quot;motion_fx_translateY_affectedRange&quot;:{&quot;unit&quot;:&quot;%&quot;,&quot;size&quot;:&quot;&quot;,&quot;sizes&quot;:{&quot;start&quot;:0,&quot;end&quot;:100}},&quot;motion_fx_devices&quot;:[&quot;desktop&quot;,&quot;tablet&quot;,&quot;mobile&quot;]}\">\n\t\t\t\t\t\t\t<div class=\"elementor-background-overlay\"><\/div>\n\t\t\t\t\t\t\t<div class=\"elementor-container elementor-column-gap-default\">\n\t\t\t\t\t<div class=\"elementor-column elementor-col-100 elementor-top-column elementor-element elementor-element-caf8a29\" data-id=\"caf8a29\" data-element_type=\"column\">\n\t\t\t<div class=\"elementor-widget-wrap elementor-element-populated\">\n\t\t\t\t\t\t<div class=\"elementor-element elementor-element-85f8db8 elementor-invisible elementor-widget elementor-widget-heading\" data-id=\"85f8db8\" data-element_type=\"widget\" data-settings=\"{&quot;_animation&quot;:&quot;fadeInUp&quot;}\" data-widget_type=\"heading.default\">\n\t\t\t\t<div class=\"elementor-widget-container\">\n\t\t\t\t\t<h1 class=\"elementor-heading-title elementor-size-default\">Ayuda a domicilio<\/h1>\t\t\t\t<\/div>\n\t\t\t\t<\/div>\n\t\t\t\t<div class=\"elementor-element elementor-element-83fa72e elementor-invisible elementor-widget elementor-widget-heading\" data-id=\"83fa72e\" data-element_type=\"widget\" data-settings=\"{&quot;_animation&quot;:&quot;fadeInUp&quot;}\" data-widget_type=\"heading.default\">\n\t\t\t\t<div class=\"elementor-widget-container\">\n\t\t\t\t\t<h2 class=\"elementor-heading-title elementor-size-default\">Te ofrecemos una soluci\u00f3n para cada necesidad<\/h2>\t\t\t\t<\/div>\n\t\t\t\t<\/div>\n\t\t\t\t<section class=\"elementor-section elementor-inner-section elementor-element elementor-element-5ad942c elementor-section-boxed elementor-section-height-default elementor-section-height-default\" data-id=\"5ad942c\" data-element_type=\"section\">\n\t\t\t\t\t\t<div class=\"elementor-container elementor-column-gap-default\">\n\t\t\t\t\t<div class=\"elementor-column elementor-col-100 elementor-inner-column elementor-element elementor-element-b7e3aeb\" data-id=\"b7e3aeb\" data-element_type=\"column\">\n\t\t\t<div class=\"elementor-widget-wrap elementor-element-populated\">\n\t\t\t\t\t\t<div class=\"elementor-element elementor-element-d92b3e9 elementor-widget elementor-widget-text-editor\" data-id=\"d92b3e9\" data-element_type=\"widget\" data-widget_type=\"text-editor.default\">\n\t\t\t\t<div class=\"elementor-widget-container\">\n\t\t\t\t\t\t\t\t\t<p>Asistencia Sanitaria de Atenci\u00f3n a Domicilio<\/p>\t\t\t\t\t\t\t\t<\/div>\n\t\t\t\t<\/div>\n\t\t\t\t\t<\/div>\n\t\t<\/div>\n\t\t\t\t\t<\/div>\n\t\t<\/section>\n\t\t\t\t\t<\/div>\n\t\t<\/div>\n\t\t\t\t\t<\/div>\n\t\t<\/section>\n\t\t\t\t<section class=\"elementor-section elementor-top-section elementor-element elementor-element-bcde173 elementor-section-content-top elementor-section-boxed elementor-section-height-default elementor-section-height-default\" data-id=\"bcde173\" data-element_type=\"section\" data-settings=\"{&quot;background_background&quot;:&quot;classic&quot;}\">\n\t\t\t\t\t\t<div class=\"elementor-container elementor-column-gap-wider\">\n\t\t\t\t\t<div class=\"elementor-column elementor-col-50 elementor-top-column elementor-element elementor-element-8968bb7\" data-id=\"8968bb7\" data-element_type=\"column\">\n\t\t\t<div class=\"elementor-widget-wrap elementor-element-populated\">\n\t\t\t\t\t\t<div class=\"elementor-element elementor-element-1872f38 elementor-widget elementor-widget-image\" data-id=\"1872f38\" data-element_type=\"widget\" data-widget_type=\"image.default\">\n\t\t\t\t<div class=\"elementor-widget-container\">\n\t\t\t\t\t\t\t\t\t\t\t\t\t\t\t<img fetchpriority=\"high\" decoding=\"async\" width=\"800\" height=\"534\" src=\"https:\/\/ajudasociallleida.com\/wp-content\/uploads\/2026\/02\/serveis-ajuda-domicili-1000.jpg\" class=\"attachment-large size-large wp-image-697\" alt=\"\" srcset=\"https:\/\/ajudasociallleida.com\/wp-content\/uploads\/2026\/02\/serveis-ajuda-domicili-1000.jpg 1000w, https:\/\/ajudasociallleida.com\/wp-content\/uploads\/2026\/02\/serveis-ajuda-domicili-1000-300x200.jpg 300w, https:\/\/ajudasociallleida.com\/wp-content\/uploads\/2026\/02\/serveis-ajuda-domicili-1000-768x512.jpg 768w\" sizes=\"(max-width: 800px) 100vw, 800px\" \/>\t\t\t\t\t\t\t\t\t\t\t\t\t\t\t<\/div>\n\t\t\t\t<\/div>\n\t\t\t\t\t<\/div>\n\t\t<\/div>\n\t\t\t\t<div class=\"elementor-column elementor-col-50 elementor-top-column elementor-element elementor-element-f618b95\" data-id=\"f618b95\" data-element_type=\"column\">\n\t\t\t<div class=\"elementor-widget-wrap elementor-element-populated\">\n\t\t\t\t\t\t<div class=\"elementor-element elementor-element-8700fdf elementor-invisible elementor-widget elementor-widget-heading\" data-id=\"8700fdf\" data-element_type=\"widget\" data-settings=\"{&quot;_animation&quot;:&quot;fadeInUp&quot;}\" data-widget_type=\"heading.default\">\n\t\t\t\t<div class=\"elementor-widget-container\">\n\t\t\t\t\t<h2 class=\"elementor-heading-title elementor-size-default\">Ayuda a domicilio<\/h2>\t\t\t\t<\/div>\n\t\t\t\t<\/div>\n\t\t\t\t<div class=\"elementor-element elementor-element-efdc6db elementor-icon-list--layout-traditional elementor-list-item-link-full_width elementor-widget elementor-widget-icon-list\" data-id=\"efdc6db\" data-element_type=\"widget\" data-widget_type=\"icon-list.default\">\n\t\t\t\t<div class=\"elementor-widget-container\">\n\t\t\t\t\t\t\t<ul class=\"elementor-icon-list-items\">\n\t\t\t\t\t\t\t<li class=\"elementor-icon-list-item\">\n\t\t\t\t\t\t\t\t\t\t\t<span class=\"elementor-icon-list-icon\">\n\t\t\t\t\t\t\t<svg aria-hidden=\"true\" class=\"e-font-icon-svg e-fas-chevron-circle-right\" viewBox=\"0 0 512 512\" xmlns=\"http:\/\/www.w3.org\/2000\/svg\"><path d=\"M256 8c137 0 248 111 248 248S393 504 256 504 8 393 8 256 119 8 256 8zm113.9 231L234.4 103.5c-9.4-9.4-24.6-9.4-33.9 0l-17 17c-9.4 9.4-9.4 24.6 0 33.9L285.1 256 183.5 357.6c-9.4 9.4-9.4 24.6 0 33.9l17 17c9.4 9.4 24.6 9.4 33.9 0L369.9 273c9.4-9.4 9.4-24.6 0-34z\"><\/path><\/svg>\t\t\t\t\t\t<\/span>\n\t\t\t\t\t\t\t\t\t\t<span class=\"elementor-icon-list-text\">Limpieza personal de la persona dependiente: duchas y ba\u00f1o, aseo y peinado, cambio de pa\u00f1al, prevenci\u00f3n y tratamiento de \u00falceras, etc\u2026<\/span>\n\t\t\t\t\t\t\t\t\t<\/li>\n\t\t\t\t\t\t\t\t<li class=\"elementor-icon-list-item\">\n\t\t\t\t\t\t\t\t\t\t\t<span class=\"elementor-icon-list-icon\">\n\t\t\t\t\t\t\t<svg aria-hidden=\"true\" class=\"e-font-icon-svg e-fas-chevron-circle-right\" viewBox=\"0 0 512 512\" xmlns=\"http:\/\/www.w3.org\/2000\/svg\"><path d=\"M256 8c137 0 248 111 248 248S393 504 256 504 8 393 8 256 119 8 256 8zm113.9 231L234.4 103.5c-9.4-9.4-24.6-9.4-33.9 0l-17 17c-9.4 9.4-9.4 24.6 0 33.9L285.1 256 183.5 357.6c-9.4 9.4-9.4 24.6 0 33.9l17 17c9.4 9.4 24.6 9.4 33.9 0L369.9 273c9.4-9.4 9.4-24.6 0-34z\"><\/path><\/svg>\t\t\t\t\t\t<\/span>\n\t\t\t\t\t\t\t\t\t\t<span class=\"elementor-icon-list-text\">Acompa\u00f1amiento de la persona, tanto de d\u00eda como de noche a domicilio, acompa\u00f1amiento a visitas m\u00e9dicas, etc\u2026<\/span>\n\t\t\t\t\t\t\t\t\t<\/li>\n\t\t\t\t\t\t\t\t<li class=\"elementor-icon-list-item\">\n\t\t\t\t\t\t\t\t\t\t\t<span class=\"elementor-icon-list-icon\">\n\t\t\t\t\t\t\t<svg aria-hidden=\"true\" class=\"e-font-icon-svg e-fas-chevron-circle-right\" viewBox=\"0 0 512 512\" xmlns=\"http:\/\/www.w3.org\/2000\/svg\"><path d=\"M256 8c137 0 248 111 248 248S393 504 256 504 8 393 8 256 119 8 256 8zm113.9 231L234.4 103.5c-9.4-9.4-24.6-9.4-33.9 0l-17 17c-9.4 9.4-9.4 24.6 0 33.9L285.1 256 183.5 357.6c-9.4 9.4-9.4 24.6 0 33.9l17 17c9.4 9.4 24.6 9.4 33.9 0L369.9 273c9.4-9.4 9.4-24.6 0-34z\"><\/path><\/svg>\t\t\t\t\t\t<\/span>\n\t\t\t\t\t\t\t\t\t\t<span class=\"elementor-icon-list-text\">Servicio de movilizaci\u00f3n: levantar y acostar a la persona, pasear y todo relacionado a la atenci\u00f3n a domicilio.<\/span>\n\t\t\t\t\t\t\t\t\t<\/li>\n\t\t\t\t\t\t\t\t<li class=\"elementor-icon-list-item\">\n\t\t\t\t\t\t\t\t\t\t\t<span class=\"elementor-icon-list-icon\">\n\t\t\t\t\t\t\t<svg aria-hidden=\"true\" class=\"e-font-icon-svg e-fas-chevron-circle-right\" viewBox=\"0 0 512 512\" xmlns=\"http:\/\/www.w3.org\/2000\/svg\"><path d=\"M256 8c137 0 248 111 248 248S393 504 256 504 8 393 8 256 119 8 256 8zm113.9 231L234.4 103.5c-9.4-9.4-24.6-9.4-33.9 0l-17 17c-9.4 9.4-9.4 24.6 0 33.9L285.1 256 183.5 357.6c-9.4 9.4-9.4 24.6 0 33.9l17 17c9.4 9.4 24.6 9.4 33.9 0L369.9 273c9.4-9.4 9.4-24.6 0-34z\"><\/path><\/svg>\t\t\t\t\t\t<\/span>\n\t\t\t\t\t\t\t\t\t\t<span class=\"elementor-icon-list-text\">Alimentaci\u00f3n: compra y elaboraci\u00f3n de platos caseros, as\u00ed como ayuda en la ingesta.<\/span>\n\t\t\t\t\t\t\t\t\t<\/li>\n\t\t\t\t\t\t\t\t<li class=\"elementor-icon-list-item\">\n\t\t\t\t\t\t\t\t\t\t\t<span class=\"elementor-icon-list-icon\">\n\t\t\t\t\t\t\t<svg aria-hidden=\"true\" class=\"e-font-icon-svg e-fas-chevron-circle-right\" viewBox=\"0 0 512 512\" xmlns=\"http:\/\/www.w3.org\/2000\/svg\"><path d=\"M256 8c137 0 248 111 248 248S393 504 256 504 8 393 8 256 119 8 256 8zm113.9 231L234.4 103.5c-9.4-9.4-24.6-9.4-33.9 0l-17 17c-9.4 9.4-9.4 24.6 0 33.9L285.1 256 183.5 357.6c-9.4 9.4-9.4 24.6 0 33.9l17 17c9.4 9.4 24.6 9.4 33.9 0L369.9 273c9.4-9.4 9.4-24.6 0-34z\"><\/path><\/svg>\t\t\t\t\t\t<\/span>\n\t\t\t\t\t\t\t\t\t\t<span class=\"elementor-icon-list-text\">Tareas dom\u00e9sticas habituales en el domicilio.<\/span>\n\t\t\t\t\t\t\t\t\t<\/li>\n\t\t\t\t\t\t<\/ul>\n\t\t\t\t\t\t<\/div>\n\t\t\t\t<\/div>\n\t\t\t\t\t<\/div>\n\t\t<\/div>\n\t\t\t\t\t<\/div>\n\t\t<\/section>\n\t\t\t\t<\/div>\n\t\t","protected":false},"excerpt":{"rendered":"<p>Ayuda a domicilio Te ofrecemos una soluci\u00f3n para cada necesidad Asistencia Sanitaria de Atenci\u00f3n a Domicilio Ayuda a domicilio Limpieza personal de la persona dependiente: duchas y ba\u00f1o, aseo y peinado, cambio de pa\u00f1al, prevenci\u00f3n y tratamiento de \u00falceras, etc\u2026 Acompa\u00f1amiento de la persona, tanto de d\u00eda como de noche a domicilio, acompa\u00f1amiento a visitas [&hellip;]<\/p>\n","protected":false},"author":2,"featured_media":0,"parent":219,"menu_order":305,"comment_status":"closed","ping_status":"closed","template":"elementor_header_footer","meta":{"_joinchat":[],"footnotes":""},"class_list":["post-582","page","type-page","status-publish","hentry"],"yoast_head":"<!-- This site is optimized with the Yoast SEO plugin v25.6 - https:\/\/yoast.com\/wordpress\/plugins\/seo\/ -->\n<title>Ayuda a domicilio - Ajuda Social Lleida - Assist\u00e8ncia Sanitaria d&#039;Atenci\u00f3 a Domicili<\/title>\n<meta name=\"robots\" content=\"index, follow, max-snippet:-1, max-image-preview:large, max-video-preview:-1\" \/>\n<link rel=\"canonical\" href=\"https:\/\/ajudasociallleida.com\/es\/servicios\/ayuda-domicilio\/\" \/>\n<meta property=\"og:locale\" content=\"es_ES\" \/>\n<meta property=\"og:type\" content=\"article\" \/>\n<meta property=\"og:title\" content=\"Ayuda a domicilio - Ajuda Social Lleida - Assist\u00e8ncia Sanitaria d&#039;Atenci\u00f3 a Domicili\" \/>\n<meta property=\"og:description\" content=\"Ayuda a domicilio Te ofrecemos una soluci\u00f3n para cada necesidad Asistencia Sanitaria de Atenci\u00f3n a Domicilio Ayuda a domicilio Limpieza personal de la persona dependiente: duchas y ba\u00f1o, aseo y peinado, cambio de pa\u00f1al, prevenci\u00f3n y tratamiento de \u00falceras, etc\u2026 Acompa\u00f1amiento de la persona, tanto de d\u00eda como de noche a domicilio, acompa\u00f1amiento a visitas [&hellip;]\" \/>\n<meta property=\"og:url\" content=\"https:\/\/ajudasociallleida.com\/es\/servicios\/ayuda-domicilio\/\" \/>\n<meta property=\"og:site_name\" content=\"Ajuda Social Lleida - Assist\u00e8ncia Sanitaria d&#039;Atenci\u00f3 a Domicili\" \/>\n<meta property=\"article:modified_time\" content=\"2026-02-02T22:16:18+00:00\" \/>\n<meta property=\"og:image\" content=\"https:\/\/ajudasociallleida.com\/wp-content\/uploads\/2026\/02\/serveis-ajuda-domicili-1000.jpg\" \/>\n\t<meta property=\"og:image:width\" content=\"1000\" \/>\n\t<meta property=\"og:image:height\" content=\"667\" \/>\n\t<meta property=\"og:image:type\" content=\"image\/jpeg\" \/>\n<meta name=\"twitter:card\" content=\"summary_large_image\" \/>\n<meta name=\"twitter:label1\" content=\"Tiempo de lectura\" \/>\n\t<meta name=\"twitter:data1\" content=\"1 minuto\" \/>\n<script type=\"application\/ld+json\" class=\"yoast-schema-graph\">{\"@context\":\"https:\/\/schema.org\",\"@graph\":[{\"@type\":\"WebPage\",\"@id\":\"https:\/\/ajudasociallleida.com\/es\/servicios\/ayuda-domicilio\/\",\"url\":\"https:\/\/ajudasociallleida.com\/es\/servicios\/ayuda-domicilio\/\",\"name\":\"Ayuda a domicilio - Ajuda Social Lleida - Assist\u00e8ncia Sanitaria d&#039;Atenci\u00f3 a Domicili\",\"isPartOf\":{\"@id\":\"https:\/\/ajudasociallleida.com\/es\/#website\"},\"primaryImageOfPage\":{\"@id\":\"https:\/\/ajudasociallleida.com\/es\/servicios\/ayuda-domicilio\/#primaryimage\"},\"image\":{\"@id\":\"https:\/\/ajudasociallleida.com\/es\/servicios\/ayuda-domicilio\/#primaryimage\"},\"thumbnailUrl\":\"https:\/\/ajudasociallleida.com\/wp-content\/uploads\/2026\/02\/serveis-ajuda-domicili-1000.jpg\",\"datePublished\":\"2026-02-02T20:42:25+00:00\",\"dateModified\":\"2026-02-02T22:16:18+00:00\",\"breadcrumb\":{\"@id\":\"https:\/\/ajudasociallleida.com\/es\/servicios\/ayuda-domicilio\/#breadcrumb\"},\"inLanguage\":\"es\",\"potentialAction\":[{\"@type\":\"ReadAction\",\"target\":[\"https:\/\/ajudasociallleida.com\/es\/servicios\/ayuda-domicilio\/\"]}]},{\"@type\":\"ImageObject\",\"inLanguage\":\"es\",\"@id\":\"https:\/\/ajudasociallleida.com\/es\/servicios\/ayuda-domicilio\/#primaryimage\",\"url\":\"https:\/\/ajudasociallleida.com\/wp-content\/uploads\/2026\/02\/serveis-ajuda-domicili-1000.jpg\",\"contentUrl\":\"https:\/\/ajudasociallleida.com\/wp-content\/uploads\/2026\/02\/serveis-ajuda-domicili-1000.jpg\"},{\"@type\":\"BreadcrumbList\",\"@id\":\"https:\/\/ajudasociallleida.com\/es\/servicios\/ayuda-domicilio\/#breadcrumb\",\"itemListElement\":[{\"@type\":\"ListItem\",\"position\":1,\"name\":\"Portada\",\"item\":\"https:\/\/ajudasociallleida.com\/es\/\"},{\"@type\":\"ListItem\",\"position\":2,\"name\":\"Servicios\",\"item\":\"https:\/\/ajudasociallleida.com\/es\/serveis\/\"},{\"@type\":\"ListItem\",\"position\":3,\"name\":\"Ayuda a domicilio\"}]},{\"@type\":\"WebSite\",\"@id\":\"https:\/\/ajudasociallleida.com\/es\/#website\",\"url\":\"https:\/\/ajudasociallleida.com\/es\/\",\"name\":\"Ajuda Social Lleida - Assist\u00e8ncia Sanitaria d&#039;Atenci\u00f3 a Domicili\",\"description\":\"\",\"publisher\":{\"@id\":\"https:\/\/ajudasociallleida.com\/es\/#organization\"},\"potentialAction\":[{\"@type\":\"SearchAction\",\"target\":{\"@type\":\"EntryPoint\",\"urlTemplate\":\"https:\/\/ajudasociallleida.com\/es\/?s={search_term_string}\"},\"query-input\":{\"@type\":\"PropertyValueSpecification\",\"valueRequired\":true,\"valueName\":\"search_term_string\"}}],\"inLanguage\":\"es\"},{\"@type\":\"Organization\",\"@id\":\"https:\/\/ajudasociallleida.com\/es\/#organization\",\"name\":\"Ajuda Social Lleida - Assist\u00e8ncia Sanitaria d&#039;Atenci\u00f3 a Domicili\",\"url\":\"https:\/\/ajudasociallleida.com\/es\/\",\"logo\":{\"@type\":\"ImageObject\",\"inLanguage\":\"es\",\"@id\":\"https:\/\/ajudasociallleida.com\/es\/#\/schema\/logo\/image\/\",\"url\":\"https:\/\/ajudasociallleida.com\/wp-content\/uploads\/2025\/07\/cropped-logo-angelus-cafe-marron-e1755010077302.png\",\"contentUrl\":\"https:\/\/ajudasociallleida.com\/wp-content\/uploads\/2025\/07\/cropped-logo-angelus-cafe-marron-e1755010077302.png\",\"width\":1436,\"height\":411,\"caption\":\"Ajuda Social Lleida - Assist\u00e8ncia Sanitaria d&#039;Atenci\u00f3 a Domicili\"},\"image\":{\"@id\":\"https:\/\/ajudasociallleida.com\/es\/#\/schema\/logo\/image\/\"}}]}<\/script>\n<!-- \/ Yoast SEO plugin. -->","yoast_head_json":{"title":"Ayuda a domicilio - Ajuda Social Lleida - Assist\u00e8ncia Sanitaria d&#039;Atenci\u00f3 a Domicili","robots":{"index":"index","follow":"follow","max-snippet":"max-snippet:-1","max-image-preview":"max-image-preview:large","max-video-preview":"max-video-preview:-1"},"canonical":"https:\/\/ajudasociallleida.com\/es\/servicios\/ayuda-domicilio\/","og_locale":"es_ES","og_type":"article","og_title":"Ayuda a domicilio - Ajuda Social Lleida - Assist\u00e8ncia Sanitaria d&#039;Atenci\u00f3 a Domicili","og_description":"Ayuda a domicilio Te ofrecemos una soluci\u00f3n para cada necesidad Asistencia Sanitaria de Atenci\u00f3n a Domicilio Ayuda a domicilio Limpieza personal de la persona dependiente: duchas y ba\u00f1o, aseo y peinado, cambio de pa\u00f1al, prevenci\u00f3n y tratamiento de \u00falceras, etc\u2026 Acompa\u00f1amiento de la persona, tanto de d\u00eda como de noche a domicilio, acompa\u00f1amiento a visitas [&hellip;]","og_url":"https:\/\/ajudasociallleida.com\/es\/servicios\/ayuda-domicilio\/","og_site_name":"Ajuda Social Lleida - Assist\u00e8ncia Sanitaria d&#039;Atenci\u00f3 a Domicili","article_modified_time":"2026-02-02T22:16:18+00:00","og_image":[{"width":1000,"height":667,"url":"https:\/\/ajudasociallleida.com\/wp-content\/uploads\/2026\/02\/serveis-ajuda-domicili-1000.jpg","type":"image\/jpeg"}],"twitter_card":"summary_large_image","twitter_misc":{"Tiempo de lectura":"1 minuto"},"schema":{"@context":"https:\/\/schema.org","@graph":[{"@type":"WebPage","@id":"https:\/\/ajudasociallleida.com\/es\/servicios\/ayuda-domicilio\/","url":"https:\/\/ajudasociallleida.com\/es\/servicios\/ayuda-domicilio\/","name":"Ayuda a domicilio - Ajuda Social Lleida - Assist\u00e8ncia Sanitaria d&#039;Atenci\u00f3 a Domicili","isPartOf":{"@id":"https:\/\/ajudasociallleida.com\/es\/#website"},"primaryImageOfPage":{"@id":"https:\/\/ajudasociallleida.com\/es\/servicios\/ayuda-domicilio\/#primaryimage"},"image":{"@id":"https:\/\/ajudasociallleida.com\/es\/servicios\/ayuda-domicilio\/#primaryimage"},"thumbnailUrl":"https:\/\/ajudasociallleida.com\/wp-content\/uploads\/2026\/02\/serveis-ajuda-domicili-1000.jpg","datePublished":"2026-02-02T20:42:25+00:00","dateModified":"2026-02-02T22:16:18+00:00","breadcrumb":{"@id":"https:\/\/ajudasociallleida.com\/es\/servicios\/ayuda-domicilio\/#breadcrumb"},"inLanguage":"es","potentialAction":[{"@type":"ReadAction","target":["https:\/\/ajudasociallleida.com\/es\/servicios\/ayuda-domicilio\/"]}]},{"@type":"ImageObject","inLanguage":"es","@id":"https:\/\/ajudasociallleida.com\/es\/servicios\/ayuda-domicilio\/#primaryimage","url":"https:\/\/ajudasociallleida.com\/wp-content\/uploads\/2026\/02\/serveis-ajuda-domicili-1000.jpg","contentUrl":"https:\/\/ajudasociallleida.com\/wp-content\/uploads\/2026\/02\/serveis-ajuda-domicili-1000.jpg"},{"@type":"BreadcrumbList","@id":"https:\/\/ajudasociallleida.com\/es\/servicios\/ayuda-domicilio\/#breadcrumb","itemListElement":[{"@type":"ListItem","position":1,"name":"Portada","item":"https:\/\/ajudasociallleida.com\/es\/"},{"@type":"ListItem","position":2,"name":"Servicios","item":"https:\/\/ajudasociallleida.com\/es\/serveis\/"},{"@type":"ListItem","position":3,"name":"Ayuda a domicilio"}]},{"@type":"WebSite","@id":"https:\/\/ajudasociallleida.com\/es\/#website","url":"https:\/\/ajudasociallleida.com\/es\/","name":"Ajuda Social Lleida - Assist\u00e8ncia Sanitaria d&#039;Atenci\u00f3 a Domicili","description":"","publisher":{"@id":"https:\/\/ajudasociallleida.com\/es\/#organization"},"potentialAction":[{"@type":"SearchAction","target":{"@type":"EntryPoint","urlTemplate":"https:\/\/ajudasociallleida.com\/es\/?s={search_term_string}"},"query-input":{"@type":"PropertyValueSpecification","valueRequired":true,"valueName":"search_term_string"}}],"inLanguage":"es"},{"@type":"Organization","@id":"https:\/\/ajudasociallleida.com\/es\/#organization","name":"Ajuda Social Lleida - Assist\u00e8ncia Sanitaria d&#039;Atenci\u00f3 a Domicili","url":"https:\/\/ajudasociallleida.com\/es\/","logo":{"@type":"ImageObject","inLanguage":"es","@id":"https:\/\/ajudasociallleida.com\/es\/#\/schema\/logo\/image\/","url":"https:\/\/ajudasociallleida.com\/wp-content\/uploads\/2025\/07\/cropped-logo-angelus-cafe-marron-e1755010077302.png","contentUrl":"https:\/\/ajudasociallleida.com\/wp-content\/uploads\/2025\/07\/cropped-logo-angelus-cafe-marron-e1755010077302.png","width":1436,"height":411,"caption":"Ajuda Social Lleida - Assist\u00e8ncia Sanitaria d&#039;Atenci\u00f3 a Domicili"},"image":{"@id":"https:\/\/ajudasociallleida.com\/es\/#\/schema\/logo\/image\/"}}]}},"_links":{"self":[{"href":"https:\/\/ajudasociallleida.com\/es\/wp-json\/wp\/v2\/pages\/582","targetHints":{"allow":["GET"]}}],"collection":[{"href":"https:\/\/ajudasociallleida.com\/es\/wp-json\/wp\/v2\/pages"}],"about":[{"href":"https:\/\/ajudasociallleida.com\/es\/wp-json\/wp\/v2\/types\/page"}],"author":[{"embeddable":true,"href":"https:\/\/ajudasociallleida.com\/es\/wp-json\/wp\/v2\/users\/2"}],"replies":[{"embeddable":true,"href":"https:\/\/ajudasociallleida.com\/es\/wp-json\/wp\/v2\/comments?post=582"}],"version-history":[{"count":7,"href":"https:\/\/ajudasociallleida.com\/es\/wp-json\/wp\/v2\/pages\/582\/revisions"}],"predecessor-version":[{"id":705,"href":"https:\/\/ajudasociallleida.com\/es\/wp-json\/wp\/v2\/pages\/582\/revisions\/705"}],"up":[{"embeddable":true,"href":"https:\/\/ajudasociallleida.com\/es\/wp-json\/wp\/v2\/pages\/219"}],"wp:attachment":[{"href":"https:\/\/ajudasociallleida.com\/es\/wp-json\/wp\/v2\/media?parent=582"}],"curies":[{"name":"wp","href":"https:\/\/api.w.org\/{rel}","templated":true}]}}