{"id":600,"date":"2026-02-02T20:57:34","date_gmt":"2026-02-02T20:57:34","guid":{"rendered":"https:\/\/ajudasociallleida.com\/?page_id=600"},"modified":"2026-02-02T22:57:48","modified_gmt":"2026-02-02T22:57:48","slug":"mantenimiento-hogar","status":"publish","type":"page","link":"https:\/\/ajudasociallleida.com\/es\/servicios\/mantenimiento-hogar\/","title":{"rendered":"Mantenimiento del hogar"},"content":{"rendered":"\t\t<div data-elementor-type=\"wp-page\" data-elementor-id=\"600\" class=\"elementor elementor-600 elementor-599\" data-elementor-post-type=\"page\">\n\t\t\t\t\t\t<section class=\"elementor-section elementor-top-section elementor-element elementor-element-3c06b0a elementor-section-full_width elementor-section-height-default elementor-section-height-default\" data-id=\"3c06b0a\" data-element_type=\"section\" data-settings=\"{&quot;background_background&quot;:&quot;classic&quot;,&quot;motion_fx_motion_fx_scrolling&quot;:&quot;yes&quot;,&quot;motion_fx_translateY_effect&quot;:&quot;yes&quot;,&quot;motion_fx_translateY_speed&quot;:{&quot;unit&quot;:&quot;px&quot;,&quot;size&quot;:4,&quot;sizes&quot;:[]},&quot;motion_fx_translateY_affectedRange&quot;:{&quot;unit&quot;:&quot;%&quot;,&quot;size&quot;:&quot;&quot;,&quot;sizes&quot;:{&quot;start&quot;:0,&quot;end&quot;:100}},&quot;motion_fx_devices&quot;:[&quot;desktop&quot;,&quot;tablet&quot;,&quot;mobile&quot;]}\">\n\t\t\t\t\t\t\t<div class=\"elementor-background-overlay\"><\/div>\n\t\t\t\t\t\t\t<div class=\"elementor-container elementor-column-gap-default\">\n\t\t\t\t\t<div class=\"elementor-column elementor-col-100 elementor-top-column elementor-element elementor-element-d1b6865\" data-id=\"d1b6865\" data-element_type=\"column\">\n\t\t\t<div class=\"elementor-widget-wrap elementor-element-populated\">\n\t\t\t\t\t\t<div class=\"elementor-element elementor-element-96081a0 elementor-invisible elementor-widget elementor-widget-heading\" data-id=\"96081a0\" data-element_type=\"widget\" data-settings=\"{&quot;_animation&quot;:&quot;fadeInUp&quot;}\" data-widget_type=\"heading.default\">\n\t\t\t\t<div class=\"elementor-widget-container\">\n\t\t\t\t\t<h1 class=\"elementor-heading-title elementor-size-default\">Mantenimiento del hogar<\/h1>\t\t\t\t<\/div>\n\t\t\t\t<\/div>\n\t\t\t\t<div class=\"elementor-element elementor-element-56a0d72 elementor-invisible elementor-widget elementor-widget-heading\" data-id=\"56a0d72\" data-element_type=\"widget\" data-settings=\"{&quot;_animation&quot;:&quot;fadeInUp&quot;}\" data-widget_type=\"heading.default\">\n\t\t\t\t<div class=\"elementor-widget-container\">\n\t\t\t\t\t<h2 class=\"elementor-heading-title elementor-size-default\">Te ofrecemos una soluci\u00f3n para cada necesidad<\/h2>\t\t\t\t<\/div>\n\t\t\t\t<\/div>\n\t\t\t\t<section class=\"elementor-section elementor-inner-section elementor-element elementor-element-c60d5c0 elementor-section-boxed elementor-section-height-default elementor-section-height-default\" data-id=\"c60d5c0\" data-element_type=\"section\">\n\t\t\t\t\t\t<div class=\"elementor-container elementor-column-gap-default\">\n\t\t\t\t\t<div class=\"elementor-column elementor-col-100 elementor-inner-column elementor-element elementor-element-e1967d2\" data-id=\"e1967d2\" data-element_type=\"column\">\n\t\t\t<div class=\"elementor-widget-wrap elementor-element-populated\">\n\t\t\t\t\t\t<div class=\"elementor-element elementor-element-323d2fd elementor-widget elementor-widget-text-editor\" data-id=\"323d2fd\" data-element_type=\"widget\" data-widget_type=\"text-editor.default\">\n\t\t\t\t<div class=\"elementor-widget-container\">\n\t\t\t\t\t\t\t\t\t<p>Asistencia Sanitaria de Atenci\u00f3n a Domicilio<\/p>\t\t\t\t\t\t\t\t<\/div>\n\t\t\t\t<\/div>\n\t\t\t\t\t<\/div>\n\t\t<\/div>\n\t\t\t\t\t<\/div>\n\t\t<\/section>\n\t\t\t\t\t<\/div>\n\t\t<\/div>\n\t\t\t\t\t<\/div>\n\t\t<\/section>\n\t\t\t\t<section class=\"elementor-section elementor-top-section elementor-element elementor-element-166ca4e elementor-section-content-top elementor-section-boxed elementor-section-height-default elementor-section-height-default\" data-id=\"166ca4e\" data-element_type=\"section\" data-settings=\"{&quot;background_background&quot;:&quot;classic&quot;}\">\n\t\t\t\t\t\t<div class=\"elementor-container elementor-column-gap-wider\">\n\t\t\t\t\t<div class=\"elementor-column elementor-col-50 elementor-top-column elementor-element elementor-element-2020acb\" data-id=\"2020acb\" data-element_type=\"column\">\n\t\t\t<div class=\"elementor-widget-wrap elementor-element-populated\">\n\t\t\t\t\t\t<div class=\"elementor-element elementor-element-6ec9ceb elementor-widget elementor-widget-image\" data-id=\"6ec9ceb\" data-element_type=\"widget\" data-widget_type=\"image.default\">\n\t\t\t\t<div class=\"elementor-widget-container\">\n\t\t\t\t\t\t\t\t\t\t\t\t\t\t\t<img fetchpriority=\"high\" decoding=\"async\" width=\"800\" height=\"534\" src=\"https:\/\/ajudasociallleida.com\/wp-content\/uploads\/2026\/02\/social-worker-helping-senior-man-to-buy-food-2026-01-08-07-04-21-utc-1024x683.jpg\" class=\"attachment-large size-large wp-image-748\" alt=\"\" srcset=\"https:\/\/ajudasociallleida.com\/wp-content\/uploads\/2026\/02\/social-worker-helping-senior-man-to-buy-food-2026-01-08-07-04-21-utc-1024x683.jpg 1024w, https:\/\/ajudasociallleida.com\/wp-content\/uploads\/2026\/02\/social-worker-helping-senior-man-to-buy-food-2026-01-08-07-04-21-utc-300x200.jpg 300w, https:\/\/ajudasociallleida.com\/wp-content\/uploads\/2026\/02\/social-worker-helping-senior-man-to-buy-food-2026-01-08-07-04-21-utc-768x512.jpg 768w, https:\/\/ajudasociallleida.com\/wp-content\/uploads\/2026\/02\/social-worker-helping-senior-man-to-buy-food-2026-01-08-07-04-21-utc-1536x1024.jpg 1536w, https:\/\/ajudasociallleida.com\/wp-content\/uploads\/2026\/02\/social-worker-helping-senior-man-to-buy-food-2026-01-08-07-04-21-utc-2048x1365.jpg 2048w, https:\/\/ajudasociallleida.com\/wp-content\/uploads\/2026\/02\/social-worker-helping-senior-man-to-buy-food-2026-01-08-07-04-21-utc-scaled-e1770059810771.jpg 1000w\" sizes=\"(max-width: 800px) 100vw, 800px\" \/>\t\t\t\t\t\t\t\t\t\t\t\t\t\t\t<\/div>\n\t\t\t\t<\/div>\n\t\t\t\t\t<\/div>\n\t\t<\/div>\n\t\t\t\t<div class=\"elementor-column elementor-col-50 elementor-top-column elementor-element elementor-element-2992b48\" data-id=\"2992b48\" data-element_type=\"column\">\n\t\t\t<div class=\"elementor-widget-wrap elementor-element-populated\">\n\t\t\t\t\t\t<div class=\"elementor-element elementor-element-ea0403a elementor-invisible elementor-widget elementor-widget-heading\" data-id=\"ea0403a\" data-element_type=\"widget\" data-settings=\"{&quot;_animation&quot;:&quot;fadeInUp&quot;}\" data-widget_type=\"heading.default\">\n\t\t\t\t<div class=\"elementor-widget-container\">\n\t\t\t\t\t<h2 class=\"elementor-heading-title elementor-size-default\">Mantenimiento del hogar<\/h2>\t\t\t\t<\/div>\n\t\t\t\t<\/div>\n\t\t\t\t<div class=\"elementor-element elementor-element-10cdc6d elementor-widget elementor-widget-text-editor\" data-id=\"10cdc6d\" data-element_type=\"widget\" data-widget_type=\"text-editor.default\">\n\t\t\t\t<div class=\"elementor-widget-container\">\n\t\t\t\t\t\t\t\t\t<p>Est\u00e1 orientado a realizar la limpieza de su hogar as\u00ed como las diferentes tareas del d\u00eda a d\u00eda.<\/p>\n<p>\u00a0<\/p>\n<h3>Entre las tareas que realizamos est\u00e1n las siguientes:<\/h3>\t\t\t\t\t\t\t\t<\/div>\n\t\t\t\t<\/div>\n\t\t\t\t<div class=\"elementor-element elementor-element-f894a69 elementor-icon-list--layout-traditional elementor-list-item-link-full_width elementor-widget elementor-widget-icon-list\" data-id=\"f894a69\" data-element_type=\"widget\" data-widget_type=\"icon-list.default\">\n\t\t\t\t<div class=\"elementor-widget-container\">\n\t\t\t\t\t\t\t<ul class=\"elementor-icon-list-items\">\n\t\t\t\t\t\t\t<li class=\"elementor-icon-list-item\">\n\t\t\t\t\t\t\t\t\t\t\t<span class=\"elementor-icon-list-icon\">\n\t\t\t\t\t\t\t<svg aria-hidden=\"true\" class=\"e-font-icon-svg e-fas-chevron-circle-right\" viewBox=\"0 0 512 512\" xmlns=\"http:\/\/www.w3.org\/2000\/svg\"><path d=\"M256 8c137 0 248 111 248 248S393 504 256 504 8 393 8 256 119 8 256 8zm113.9 231L234.4 103.5c-9.4-9.4-24.6-9.4-33.9 0l-17 17c-9.4 9.4-9.4 24.6 0 33.9L285.1 256 183.5 357.6c-9.4 9.4-9.4 24.6 0 33.9l17 17c9.4 9.4 24.6 9.4 33.9 0L369.9 273c9.4-9.4 9.4-24.6 0-34z\"><\/path><\/svg>\t\t\t\t\t\t<\/span>\n\t\t\t\t\t\t\t\t\t\t<span class=\"elementor-icon-list-text\">Ayuda de las tareas diarias del hogar.<\/span>\n\t\t\t\t\t\t\t\t\t<\/li>\n\t\t\t\t\t\t\t\t<li class=\"elementor-icon-list-item\">\n\t\t\t\t\t\t\t\t\t\t\t<span class=\"elementor-icon-list-icon\">\n\t\t\t\t\t\t\t<svg aria-hidden=\"true\" class=\"e-font-icon-svg e-fas-chevron-circle-right\" viewBox=\"0 0 512 512\" xmlns=\"http:\/\/www.w3.org\/2000\/svg\"><path d=\"M256 8c137 0 248 111 248 248S393 504 256 504 8 393 8 256 119 8 256 8zm113.9 231L234.4 103.5c-9.4-9.4-24.6-9.4-33.9 0l-17 17c-9.4 9.4-9.4 24.6 0 33.9L285.1 256 183.5 357.6c-9.4 9.4-9.4 24.6 0 33.9l17 17c9.4 9.4 24.6 9.4 33.9 0L369.9 273c9.4-9.4 9.4-24.6 0-34z\"><\/path><\/svg>\t\t\t\t\t\t<\/span>\n\t\t\t\t\t\t\t\t\t\t<span class=\"elementor-icon-list-text\">Preparaci\u00f3n de comidas.<\/span>\n\t\t\t\t\t\t\t\t\t<\/li>\n\t\t\t\t\t\t\t\t<li class=\"elementor-icon-list-item\">\n\t\t\t\t\t\t\t\t\t\t\t<span class=\"elementor-icon-list-icon\">\n\t\t\t\t\t\t\t<svg aria-hidden=\"true\" class=\"e-font-icon-svg e-fas-chevron-circle-right\" viewBox=\"0 0 512 512\" xmlns=\"http:\/\/www.w3.org\/2000\/svg\"><path d=\"M256 8c137 0 248 111 248 248S393 504 256 504 8 393 8 256 119 8 256 8zm113.9 231L234.4 103.5c-9.4-9.4-24.6-9.4-33.9 0l-17 17c-9.4 9.4-9.4 24.6 0 33.9L285.1 256 183.5 357.6c-9.4 9.4-9.4 24.6 0 33.9l17 17c9.4 9.4 24.6 9.4 33.9 0L369.9 273c9.4-9.4 9.4-24.6 0-34z\"><\/path><\/svg>\t\t\t\t\t\t<\/span>\n\t\t\t\t\t\t\t\t\t\t<span class=\"elementor-icon-list-text\">Realizaci\u00f3n de la compra y elaboraci\u00f3n.<\/span>\n\t\t\t\t\t\t\t\t\t<\/li>\n\t\t\t\t\t\t<\/ul>\n\t\t\t\t\t\t<\/div>\n\t\t\t\t<\/div>\n\t\t\t\t\t<\/div>\n\t\t<\/div>\n\t\t\t\t\t<\/div>\n\t\t<\/section>\n\t\t\t\t<\/div>\n\t\t","protected":false},"excerpt":{"rendered":"<p>Mantenimiento del hogar Te ofrecemos una soluci\u00f3n para cada necesidad Asistencia Sanitaria de Atenci\u00f3n a Domicilio Mantenimiento del hogar Est\u00e1 orientado a realizar la limpieza de su hogar as\u00ed como las diferentes tareas del d\u00eda a d\u00eda. \u00a0 Entre las tareas que realizamos est\u00e1n las siguientes: Ayuda de las tareas diarias del hogar. Preparaci\u00f3n de [&hellip;]<\/p>\n","protected":false},"author":2,"featured_media":0,"parent":219,"menu_order":330,"comment_status":"closed","ping_status":"closed","template":"elementor_header_footer","meta":{"_joinchat":[],"footnotes":""},"class_list":["post-600","page","type-page","status-publish","hentry"],"yoast_head":"<!-- This site is optimized with the Yoast SEO plugin v25.6 - https:\/\/yoast.com\/wordpress\/plugins\/seo\/ -->\n<title>Mantenimiento del hogar - Ajuda Social Lleida - Assist\u00e8ncia Sanitaria d&#039;Atenci\u00f3 a Domicili<\/title>\n<meta name=\"robots\" content=\"index, follow, max-snippet:-1, max-image-preview:large, max-video-preview:-1\" \/>\n<link rel=\"canonical\" href=\"https:\/\/ajudasociallleida.com\/es\/servicios\/mantenimiento-hogar\/\" \/>\n<meta property=\"og:locale\" content=\"es_ES\" \/>\n<meta property=\"og:type\" content=\"article\" \/>\n<meta property=\"og:title\" content=\"Mantenimiento del hogar - Ajuda Social Lleida - Assist\u00e8ncia Sanitaria d&#039;Atenci\u00f3 a Domicili\" \/>\n<meta property=\"og:description\" content=\"Mantenimiento del hogar Te ofrecemos una soluci\u00f3n para cada necesidad Asistencia Sanitaria de Atenci\u00f3n a Domicilio Mantenimiento del hogar Est\u00e1 orientado a realizar la limpieza de su hogar as\u00ed como las diferentes tareas del d\u00eda a d\u00eda. \u00a0 Entre las tareas que realizamos est\u00e1n las siguientes: Ayuda de las tareas diarias del hogar. Preparaci\u00f3n de [&hellip;]\" \/>\n<meta property=\"og:url\" content=\"https:\/\/ajudasociallleida.com\/es\/servicios\/mantenimiento-hogar\/\" \/>\n<meta property=\"og:site_name\" content=\"Ajuda Social Lleida - Assist\u00e8ncia Sanitaria d&#039;Atenci\u00f3 a Domicili\" \/>\n<meta property=\"article:modified_time\" content=\"2026-02-02T22:57:48+00:00\" \/>\n<meta property=\"og:image\" content=\"https:\/\/ajudasociallleida.com\/wp-content\/uploads\/2026\/02\/social-worker-helping-senior-man-to-buy-food-2026-01-08-07-04-21-utc-scaled-e1770059810771.jpg\" \/>\n\t<meta property=\"og:image:width\" content=\"1000\" \/>\n\t<meta property=\"og:image:height\" content=\"667\" \/>\n\t<meta property=\"og:image:type\" content=\"image\/jpeg\" \/>\n<meta name=\"twitter:card\" content=\"summary_large_image\" \/>\n<meta name=\"twitter:label1\" content=\"Tiempo de lectura\" \/>\n\t<meta name=\"twitter:data1\" content=\"1 minuto\" \/>\n<script type=\"application\/ld+json\" class=\"yoast-schema-graph\">{\"@context\":\"https:\/\/schema.org\",\"@graph\":[{\"@type\":\"WebPage\",\"@id\":\"https:\/\/ajudasociallleida.com\/es\/servicios\/mantenimiento-hogar\/\",\"url\":\"https:\/\/ajudasociallleida.com\/es\/servicios\/mantenimiento-hogar\/\",\"name\":\"Mantenimiento del hogar - Ajuda Social Lleida - Assist\u00e8ncia Sanitaria d&#039;Atenci\u00f3 a Domicili\",\"isPartOf\":{\"@id\":\"https:\/\/ajudasociallleida.com\/es\/#website\"},\"primaryImageOfPage\":{\"@id\":\"https:\/\/ajudasociallleida.com\/es\/servicios\/mantenimiento-hogar\/#primaryimage\"},\"image\":{\"@id\":\"https:\/\/ajudasociallleida.com\/es\/servicios\/mantenimiento-hogar\/#primaryimage\"},\"thumbnailUrl\":\"https:\/\/ajudasociallleida.com\/wp-content\/uploads\/2026\/02\/social-worker-helping-senior-man-to-buy-food-2026-01-08-07-04-21-utc-1024x683.jpg\",\"datePublished\":\"2026-02-02T20:57:34+00:00\",\"dateModified\":\"2026-02-02T22:57:48+00:00\",\"breadcrumb\":{\"@id\":\"https:\/\/ajudasociallleida.com\/es\/servicios\/mantenimiento-hogar\/#breadcrumb\"},\"inLanguage\":\"es\",\"potentialAction\":[{\"@type\":\"ReadAction\",\"target\":[\"https:\/\/ajudasociallleida.com\/es\/servicios\/mantenimiento-hogar\/\"]}]},{\"@type\":\"ImageObject\",\"inLanguage\":\"es\",\"@id\":\"https:\/\/ajudasociallleida.com\/es\/servicios\/mantenimiento-hogar\/#primaryimage\",\"url\":\"https:\/\/ajudasociallleida.com\/wp-content\/uploads\/2026\/02\/social-worker-helping-senior-man-to-buy-food-2026-01-08-07-04-21-utc-1024x683.jpg\",\"contentUrl\":\"https:\/\/ajudasociallleida.com\/wp-content\/uploads\/2026\/02\/social-worker-helping-senior-man-to-buy-food-2026-01-08-07-04-21-utc-1024x683.jpg\"},{\"@type\":\"BreadcrumbList\",\"@id\":\"https:\/\/ajudasociallleida.com\/es\/servicios\/mantenimiento-hogar\/#breadcrumb\",\"itemListElement\":[{\"@type\":\"ListItem\",\"position\":1,\"name\":\"Portada\",\"item\":\"https:\/\/ajudasociallleida.com\/es\/\"},{\"@type\":\"ListItem\",\"position\":2,\"name\":\"Servicios\",\"item\":\"https:\/\/ajudasociallleida.com\/es\/serveis\/\"},{\"@type\":\"ListItem\",\"position\":3,\"name\":\"Mantenimiento del hogar\"}]},{\"@type\":\"WebSite\",\"@id\":\"https:\/\/ajudasociallleida.com\/es\/#website\",\"url\":\"https:\/\/ajudasociallleida.com\/es\/\",\"name\":\"Ajuda Social Lleida - Assist\u00e8ncia Sanitaria d&#039;Atenci\u00f3 a Domicili\",\"description\":\"\",\"publisher\":{\"@id\":\"https:\/\/ajudasociallleida.com\/es\/#organization\"},\"potentialAction\":[{\"@type\":\"SearchAction\",\"target\":{\"@type\":\"EntryPoint\",\"urlTemplate\":\"https:\/\/ajudasociallleida.com\/es\/?s={search_term_string}\"},\"query-input\":{\"@type\":\"PropertyValueSpecification\",\"valueRequired\":true,\"valueName\":\"search_term_string\"}}],\"inLanguage\":\"es\"},{\"@type\":\"Organization\",\"@id\":\"https:\/\/ajudasociallleida.com\/es\/#organization\",\"name\":\"Ajuda Social Lleida - Assist\u00e8ncia Sanitaria d&#039;Atenci\u00f3 a Domicili\",\"url\":\"https:\/\/ajudasociallleida.com\/es\/\",\"logo\":{\"@type\":\"ImageObject\",\"inLanguage\":\"es\",\"@id\":\"https:\/\/ajudasociallleida.com\/es\/#\/schema\/logo\/image\/\",\"url\":\"https:\/\/ajudasociallleida.com\/wp-content\/uploads\/2025\/07\/cropped-logo-angelus-cafe-marron-e1755010077302.png\",\"contentUrl\":\"https:\/\/ajudasociallleida.com\/wp-content\/uploads\/2025\/07\/cropped-logo-angelus-cafe-marron-e1755010077302.png\",\"width\":1436,\"height\":411,\"caption\":\"Ajuda Social Lleida - Assist\u00e8ncia Sanitaria d&#039;Atenci\u00f3 a Domicili\"},\"image\":{\"@id\":\"https:\/\/ajudasociallleida.com\/es\/#\/schema\/logo\/image\/\"}}]}<\/script>\n<!-- \/ Yoast SEO plugin. -->","yoast_head_json":{"title":"Mantenimiento del hogar - Ajuda Social Lleida - Assist\u00e8ncia Sanitaria d&#039;Atenci\u00f3 a Domicili","robots":{"index":"index","follow":"follow","max-snippet":"max-snippet:-1","max-image-preview":"max-image-preview:large","max-video-preview":"max-video-preview:-1"},"canonical":"https:\/\/ajudasociallleida.com\/es\/servicios\/mantenimiento-hogar\/","og_locale":"es_ES","og_type":"article","og_title":"Mantenimiento del hogar - Ajuda Social Lleida - Assist\u00e8ncia Sanitaria d&#039;Atenci\u00f3 a Domicili","og_description":"Mantenimiento del hogar Te ofrecemos una soluci\u00f3n para cada necesidad Asistencia Sanitaria de Atenci\u00f3n a Domicilio Mantenimiento del hogar Est\u00e1 orientado a realizar la limpieza de su hogar as\u00ed como las diferentes tareas del d\u00eda a d\u00eda. \u00a0 Entre las tareas que realizamos est\u00e1n las siguientes: Ayuda de las tareas diarias del hogar. Preparaci\u00f3n de [&hellip;]","og_url":"https:\/\/ajudasociallleida.com\/es\/servicios\/mantenimiento-hogar\/","og_site_name":"Ajuda Social Lleida - Assist\u00e8ncia Sanitaria d&#039;Atenci\u00f3 a Domicili","article_modified_time":"2026-02-02T22:57:48+00:00","og_image":[{"width":1000,"height":667,"url":"https:\/\/ajudasociallleida.com\/wp-content\/uploads\/2026\/02\/social-worker-helping-senior-man-to-buy-food-2026-01-08-07-04-21-utc-scaled-e1770059810771.jpg","type":"image\/jpeg"}],"twitter_card":"summary_large_image","twitter_misc":{"Tiempo de lectura":"1 minuto"},"schema":{"@context":"https:\/\/schema.org","@graph":[{"@type":"WebPage","@id":"https:\/\/ajudasociallleida.com\/es\/servicios\/mantenimiento-hogar\/","url":"https:\/\/ajudasociallleida.com\/es\/servicios\/mantenimiento-hogar\/","name":"Mantenimiento del hogar - Ajuda Social Lleida - Assist\u00e8ncia Sanitaria d&#039;Atenci\u00f3 a Domicili","isPartOf":{"@id":"https:\/\/ajudasociallleida.com\/es\/#website"},"primaryImageOfPage":{"@id":"https:\/\/ajudasociallleida.com\/es\/servicios\/mantenimiento-hogar\/#primaryimage"},"image":{"@id":"https:\/\/ajudasociallleida.com\/es\/servicios\/mantenimiento-hogar\/#primaryimage"},"thumbnailUrl":"https:\/\/ajudasociallleida.com\/wp-content\/uploads\/2026\/02\/social-worker-helping-senior-man-to-buy-food-2026-01-08-07-04-21-utc-1024x683.jpg","datePublished":"2026-02-02T20:57:34+00:00","dateModified":"2026-02-02T22:57:48+00:00","breadcrumb":{"@id":"https:\/\/ajudasociallleida.com\/es\/servicios\/mantenimiento-hogar\/#breadcrumb"},"inLanguage":"es","potentialAction":[{"@type":"ReadAction","target":["https:\/\/ajudasociallleida.com\/es\/servicios\/mantenimiento-hogar\/"]}]},{"@type":"ImageObject","inLanguage":"es","@id":"https:\/\/ajudasociallleida.com\/es\/servicios\/mantenimiento-hogar\/#primaryimage","url":"https:\/\/ajudasociallleida.com\/wp-content\/uploads\/2026\/02\/social-worker-helping-senior-man-to-buy-food-2026-01-08-07-04-21-utc-1024x683.jpg","contentUrl":"https:\/\/ajudasociallleida.com\/wp-content\/uploads\/2026\/02\/social-worker-helping-senior-man-to-buy-food-2026-01-08-07-04-21-utc-1024x683.jpg"},{"@type":"BreadcrumbList","@id":"https:\/\/ajudasociallleida.com\/es\/servicios\/mantenimiento-hogar\/#breadcrumb","itemListElement":[{"@type":"ListItem","position":1,"name":"Portada","item":"https:\/\/ajudasociallleida.com\/es\/"},{"@type":"ListItem","position":2,"name":"Servicios","item":"https:\/\/ajudasociallleida.com\/es\/serveis\/"},{"@type":"ListItem","position":3,"name":"Mantenimiento del hogar"}]},{"@type":"WebSite","@id":"https:\/\/ajudasociallleida.com\/es\/#website","url":"https:\/\/ajudasociallleida.com\/es\/","name":"Ajuda Social Lleida - Assist\u00e8ncia Sanitaria d&#039;Atenci\u00f3 a Domicili","description":"","publisher":{"@id":"https:\/\/ajudasociallleida.com\/es\/#organization"},"potentialAction":[{"@type":"SearchAction","target":{"@type":"EntryPoint","urlTemplate":"https:\/\/ajudasociallleida.com\/es\/?s={search_term_string}"},"query-input":{"@type":"PropertyValueSpecification","valueRequired":true,"valueName":"search_term_string"}}],"inLanguage":"es"},{"@type":"Organization","@id":"https:\/\/ajudasociallleida.com\/es\/#organization","name":"Ajuda Social Lleida - Assist\u00e8ncia Sanitaria d&#039;Atenci\u00f3 a Domicili","url":"https:\/\/ajudasociallleida.com\/es\/","logo":{"@type":"ImageObject","inLanguage":"es","@id":"https:\/\/ajudasociallleida.com\/es\/#\/schema\/logo\/image\/","url":"https:\/\/ajudasociallleida.com\/wp-content\/uploads\/2025\/07\/cropped-logo-angelus-cafe-marron-e1755010077302.png","contentUrl":"https:\/\/ajudasociallleida.com\/wp-content\/uploads\/2025\/07\/cropped-logo-angelus-cafe-marron-e1755010077302.png","width":1436,"height":411,"caption":"Ajuda Social Lleida - Assist\u00e8ncia Sanitaria d&#039;Atenci\u00f3 a Domicili"},"image":{"@id":"https:\/\/ajudasociallleida.com\/es\/#\/schema\/logo\/image\/"}}]}},"_links":{"self":[{"href":"https:\/\/ajudasociallleida.com\/es\/wp-json\/wp\/v2\/pages\/600","targetHints":{"allow":["GET"]}}],"collection":[{"href":"https:\/\/ajudasociallleida.com\/es\/wp-json\/wp\/v2\/pages"}],"about":[{"href":"https:\/\/ajudasociallleida.com\/es\/wp-json\/wp\/v2\/types\/page"}],"author":[{"embeddable":true,"href":"https:\/\/ajudasociallleida.com\/es\/wp-json\/wp\/v2\/users\/2"}],"replies":[{"embeddable":true,"href":"https:\/\/ajudasociallleida.com\/es\/wp-json\/wp\/v2\/comments?post=600"}],"version-history":[{"count":5,"href":"https:\/\/ajudasociallleida.com\/es\/wp-json\/wp\/v2\/pages\/600\/revisions"}],"predecessor-version":[{"id":747,"href":"https:\/\/ajudasociallleida.com\/es\/wp-json\/wp\/v2\/pages\/600\/revisions\/747"}],"up":[{"embeddable":true,"href":"https:\/\/ajudasociallleida.com\/es\/wp-json\/wp\/v2\/pages\/219"}],"wp:attachment":[{"href":"https:\/\/ajudasociallleida.com\/es\/wp-json\/wp\/v2\/media?parent=600"}],"curies":[{"name":"wp","href":"https:\/\/api.w.org\/{rel}","templated":true}]}}