{"id":618,"date":"2026-02-02T21:04:53","date_gmt":"2026-02-02T21:04:53","guid":{"rendered":"https:\/\/ajudasociallleida.com\/?page_id=618"},"modified":"2026-02-02T23:01:50","modified_gmt":"2026-02-02T23:01:50","slug":"podologia","status":"publish","type":"page","link":"https:\/\/ajudasociallleida.com\/es\/servicios\/podologia\/","title":{"rendered":"Podolog\u00eda"},"content":{"rendered":"\t\t<div data-elementor-type=\"wp-page\" data-elementor-id=\"618\" class=\"elementor elementor-618 elementor-617\" data-elementor-post-type=\"page\">\n\t\t\t\t\t\t<section class=\"elementor-section elementor-top-section elementor-element elementor-element-f3ee543 elementor-section-full_width elementor-section-height-default elementor-section-height-default\" data-id=\"f3ee543\" data-element_type=\"section\" data-settings=\"{&quot;background_background&quot;:&quot;classic&quot;,&quot;motion_fx_motion_fx_scrolling&quot;:&quot;yes&quot;,&quot;motion_fx_translateY_effect&quot;:&quot;yes&quot;,&quot;motion_fx_translateY_speed&quot;:{&quot;unit&quot;:&quot;px&quot;,&quot;size&quot;:4,&quot;sizes&quot;:[]},&quot;motion_fx_translateY_affectedRange&quot;:{&quot;unit&quot;:&quot;%&quot;,&quot;size&quot;:&quot;&quot;,&quot;sizes&quot;:{&quot;start&quot;:0,&quot;end&quot;:100}},&quot;motion_fx_devices&quot;:[&quot;desktop&quot;,&quot;tablet&quot;,&quot;mobile&quot;]}\">\n\t\t\t\t\t\t\t<div class=\"elementor-background-overlay\"><\/div>\n\t\t\t\t\t\t\t<div class=\"elementor-container elementor-column-gap-default\">\n\t\t\t\t\t<div class=\"elementor-column elementor-col-100 elementor-top-column elementor-element elementor-element-527f452\" data-id=\"527f452\" data-element_type=\"column\">\n\t\t\t<div class=\"elementor-widget-wrap elementor-element-populated\">\n\t\t\t\t\t\t<div class=\"elementor-element elementor-element-a3eb1e8 elementor-invisible elementor-widget elementor-widget-heading\" data-id=\"a3eb1e8\" data-element_type=\"widget\" data-settings=\"{&quot;_animation&quot;:&quot;fadeInUp&quot;}\" data-widget_type=\"heading.default\">\n\t\t\t\t<div class=\"elementor-widget-container\">\n\t\t\t\t\t<h1 class=\"elementor-heading-title elementor-size-default\">Podolog\u00eda<\/h1>\t\t\t\t<\/div>\n\t\t\t\t<\/div>\n\t\t\t\t<div class=\"elementor-element elementor-element-fa7a4b2 elementor-invisible elementor-widget elementor-widget-heading\" data-id=\"fa7a4b2\" data-element_type=\"widget\" data-settings=\"{&quot;_animation&quot;:&quot;fadeInUp&quot;}\" data-widget_type=\"heading.default\">\n\t\t\t\t<div class=\"elementor-widget-container\">\n\t\t\t\t\t<h2 class=\"elementor-heading-title elementor-size-default\">Te ofrecemos una soluci\u00f3n para cada necesidad<\/h2>\t\t\t\t<\/div>\n\t\t\t\t<\/div>\n\t\t\t\t<section class=\"elementor-section elementor-inner-section elementor-element elementor-element-83443e4 elementor-section-boxed elementor-section-height-default elementor-section-height-default\" data-id=\"83443e4\" data-element_type=\"section\">\n\t\t\t\t\t\t<div class=\"elementor-container elementor-column-gap-default\">\n\t\t\t\t\t<div class=\"elementor-column elementor-col-100 elementor-inner-column elementor-element elementor-element-cfac356\" data-id=\"cfac356\" data-element_type=\"column\">\n\t\t\t<div class=\"elementor-widget-wrap elementor-element-populated\">\n\t\t\t\t\t\t<div class=\"elementor-element elementor-element-e5f3a90 elementor-widget elementor-widget-text-editor\" data-id=\"e5f3a90\" data-element_type=\"widget\" data-widget_type=\"text-editor.default\">\n\t\t\t\t<div class=\"elementor-widget-container\">\n\t\t\t\t\t\t\t\t\t<p>Asistencia Sanitaria de Atenci\u00f3n a Domicilio<\/p>\t\t\t\t\t\t\t\t<\/div>\n\t\t\t\t<\/div>\n\t\t\t\t\t<\/div>\n\t\t<\/div>\n\t\t\t\t\t<\/div>\n\t\t<\/section>\n\t\t\t\t\t<\/div>\n\t\t<\/div>\n\t\t\t\t\t<\/div>\n\t\t<\/section>\n\t\t\t\t<section class=\"elementor-section elementor-top-section elementor-element elementor-element-c4f23a8 elementor-section-content-top elementor-section-boxed elementor-section-height-default elementor-section-height-default\" data-id=\"c4f23a8\" data-element_type=\"section\" data-settings=\"{&quot;background_background&quot;:&quot;classic&quot;}\">\n\t\t\t\t\t\t<div class=\"elementor-container elementor-column-gap-wider\">\n\t\t\t\t\t<div class=\"elementor-column elementor-col-50 elementor-top-column elementor-element elementor-element-7016373\" data-id=\"7016373\" data-element_type=\"column\">\n\t\t\t<div class=\"elementor-widget-wrap elementor-element-populated\">\n\t\t\t\t\t\t<div class=\"elementor-element elementor-element-4df6477 elementor-widget elementor-widget-image\" data-id=\"4df6477\" data-element_type=\"widget\" data-widget_type=\"image.default\">\n\t\t\t\t<div class=\"elementor-widget-container\">\n\t\t\t\t\t\t\t\t\t\t\t\t\t\t\t<img fetchpriority=\"high\" decoding=\"async\" width=\"800\" height=\"534\" src=\"https:\/\/ajudasociallleida.com\/wp-content\/uploads\/2026\/02\/serveis-podologia-1000.jpg\" class=\"attachment-large size-large wp-image-744\" alt=\"\" srcset=\"https:\/\/ajudasociallleida.com\/wp-content\/uploads\/2026\/02\/serveis-podologia-1000.jpg 1000w, https:\/\/ajudasociallleida.com\/wp-content\/uploads\/2026\/02\/serveis-podologia-1000-300x200.jpg 300w, https:\/\/ajudasociallleida.com\/wp-content\/uploads\/2026\/02\/serveis-podologia-1000-768x512.jpg 768w\" sizes=\"(max-width: 800px) 100vw, 800px\" \/>\t\t\t\t\t\t\t\t\t\t\t\t\t\t\t<\/div>\n\t\t\t\t<\/div>\n\t\t\t\t\t<\/div>\n\t\t<\/div>\n\t\t\t\t<div class=\"elementor-column elementor-col-50 elementor-top-column elementor-element elementor-element-1e6d767\" data-id=\"1e6d767\" data-element_type=\"column\">\n\t\t\t<div class=\"elementor-widget-wrap elementor-element-populated\">\n\t\t\t\t\t\t<div class=\"elementor-element elementor-element-0484dc1 elementor-invisible elementor-widget elementor-widget-heading\" data-id=\"0484dc1\" data-element_type=\"widget\" data-settings=\"{&quot;_animation&quot;:&quot;fadeInUp&quot;}\" data-widget_type=\"heading.default\">\n\t\t\t\t<div class=\"elementor-widget-container\">\n\t\t\t\t\t<h2 class=\"elementor-heading-title elementor-size-default\">Podolog\u00eda<\/h2>\t\t\t\t<\/div>\n\t\t\t\t<\/div>\n\t\t\t\t<div class=\"elementor-element elementor-element-28581b6 elementor-widget elementor-widget-text-editor\" data-id=\"28581b6\" data-element_type=\"widget\" data-widget_type=\"text-editor.default\">\n\t\t\t\t<div class=\"elementor-widget-container\">\n\t\t\t\t\t\t\t\t\t<p>Este servicio va dirigido a todas las personas que, por falta de medios o de tiempo, no pueden desplazarse a un centro podol\u00f3gico.<br \/>El cuidado de los pies es muy importante para el bienestar de la persona. Es especialmente importante en personas diab\u00e9ticas y con otras patolog\u00edas.<\/p>\n<p>Entre los cuidados que realizamo son:<\/p>\n<h3>Ofrecemos los sig\u00fcientes servicios:<\/h3>\t\t\t\t\t\t\t\t<\/div>\n\t\t\t\t<\/div>\n\t\t\t\t<div class=\"elementor-element elementor-element-1f0953e elementor-icon-list--layout-traditional elementor-list-item-link-full_width elementor-widget elementor-widget-icon-list\" data-id=\"1f0953e\" data-element_type=\"widget\" data-widget_type=\"icon-list.default\">\n\t\t\t\t<div class=\"elementor-widget-container\">\n\t\t\t\t\t\t\t<ul class=\"elementor-icon-list-items\">\n\t\t\t\t\t\t\t<li class=\"elementor-icon-list-item\">\n\t\t\t\t\t\t\t\t\t\t\t<span class=\"elementor-icon-list-icon\">\n\t\t\t\t\t\t\t<svg aria-hidden=\"true\" class=\"e-font-icon-svg e-fas-chevron-circle-right\" viewBox=\"0 0 512 512\" xmlns=\"http:\/\/www.w3.org\/2000\/svg\"><path d=\"M256 8c137 0 248 111 248 248S393 504 256 504 8 393 8 256 119 8 256 8zm113.9 231L234.4 103.5c-9.4-9.4-24.6-9.4-33.9 0l-17 17c-9.4 9.4-9.4 24.6 0 33.9L285.1 256 183.5 357.6c-9.4 9.4-9.4 24.6 0 33.9l17 17c9.4 9.4 24.6 9.4 33.9 0L369.9 273c9.4-9.4 9.4-24.6 0-34z\"><\/path><\/svg>\t\t\t\t\t\t<\/span>\n\t\t\t\t\t\t\t\t\t\t<span class=\"elementor-icon-list-text\">U\u00f1as<\/span>\n\t\t\t\t\t\t\t\t\t<\/li>\n\t\t\t\t\t\t\t\t<li class=\"elementor-icon-list-item\">\n\t\t\t\t\t\t\t\t\t\t\t<span class=\"elementor-icon-list-icon\">\n\t\t\t\t\t\t\t<svg aria-hidden=\"true\" class=\"e-font-icon-svg e-fas-chevron-circle-right\" viewBox=\"0 0 512 512\" xmlns=\"http:\/\/www.w3.org\/2000\/svg\"><path d=\"M256 8c137 0 248 111 248 248S393 504 256 504 8 393 8 256 119 8 256 8zm113.9 231L234.4 103.5c-9.4-9.4-24.6-9.4-33.9 0l-17 17c-9.4 9.4-9.4 24.6 0 33.9L285.1 256 183.5 357.6c-9.4 9.4-9.4 24.6 0 33.9l17 17c9.4 9.4 24.6 9.4 33.9 0L369.9 273c9.4-9.4 9.4-24.6 0-34z\"><\/path><\/svg>\t\t\t\t\t\t<\/span>\n\t\t\t\t\t\t\t\t\t\t<span class=\"elementor-icon-list-text\">Durezas<\/span>\n\t\t\t\t\t\t\t\t\t<\/li>\n\t\t\t\t\t\t\t\t<li class=\"elementor-icon-list-item\">\n\t\t\t\t\t\t\t\t\t\t\t<span class=\"elementor-icon-list-icon\">\n\t\t\t\t\t\t\t<svg aria-hidden=\"true\" class=\"e-font-icon-svg e-fas-chevron-circle-right\" viewBox=\"0 0 512 512\" xmlns=\"http:\/\/www.w3.org\/2000\/svg\"><path d=\"M256 8c137 0 248 111 248 248S393 504 256 504 8 393 8 256 119 8 256 8zm113.9 231L234.4 103.5c-9.4-9.4-24.6-9.4-33.9 0l-17 17c-9.4 9.4-9.4 24.6 0 33.9L285.1 256 183.5 357.6c-9.4 9.4-9.4 24.6 0 33.9l17 17c9.4 9.4 24.6 9.4 33.9 0L369.9 273c9.4-9.4 9.4-24.6 0-34z\"><\/path><\/svg>\t\t\t\t\t\t<\/span>\n\t\t\t\t\t\t\t\t\t\t<span class=\"elementor-icon-list-text\">Callos<\/span>\n\t\t\t\t\t\t\t\t\t<\/li>\n\t\t\t\t\t\t\t\t<li class=\"elementor-icon-list-item\">\n\t\t\t\t\t\t\t\t\t\t\t<span class=\"elementor-icon-list-icon\">\n\t\t\t\t\t\t\t<svg aria-hidden=\"true\" class=\"e-font-icon-svg e-fas-chevron-circle-right\" viewBox=\"0 0 512 512\" xmlns=\"http:\/\/www.w3.org\/2000\/svg\"><path d=\"M256 8c137 0 248 111 248 248S393 504 256 504 8 393 8 256 119 8 256 8zm113.9 231L234.4 103.5c-9.4-9.4-24.6-9.4-33.9 0l-17 17c-9.4 9.4-9.4 24.6 0 33.9L285.1 256 183.5 357.6c-9.4 9.4-9.4 24.6 0 33.9l17 17c9.4 9.4 24.6 9.4 33.9 0L369.9 273c9.4-9.4 9.4-24.6 0-34z\"><\/path><\/svg>\t\t\t\t\t\t<\/span>\n\t\t\t\t\t\t\t\t\t\t<span class=\"elementor-icon-list-text\">Micosis (hongos)<\/span>\n\t\t\t\t\t\t\t\t\t<\/li>\n\t\t\t\t\t\t\t\t<li class=\"elementor-icon-list-item\">\n\t\t\t\t\t\t\t\t\t\t\t<span class=\"elementor-icon-list-icon\">\n\t\t\t\t\t\t\t<svg aria-hidden=\"true\" class=\"e-font-icon-svg e-fas-chevron-circle-right\" viewBox=\"0 0 512 512\" xmlns=\"http:\/\/www.w3.org\/2000\/svg\"><path d=\"M256 8c137 0 248 111 248 248S393 504 256 504 8 393 8 256 119 8 256 8zm113.9 231L234.4 103.5c-9.4-9.4-24.6-9.4-33.9 0l-17 17c-9.4 9.4-9.4 24.6 0 33.9L285.1 256 183.5 357.6c-9.4 9.4-9.4 24.6 0 33.9l17 17c9.4 9.4 24.6 9.4 33.9 0L369.9 273c9.4-9.4 9.4-24.6 0-34z\"><\/path><\/svg>\t\t\t\t\t\t<\/span>\n\t\t\t\t\t\t\t\t\t\t<span class=\"elementor-icon-list-text\">Problemas de la piel<\/span>\n\t\t\t\t\t\t\t\t\t<\/li>\n\t\t\t\t\t\t<\/ul>\n\t\t\t\t\t\t<\/div>\n\t\t\t\t<\/div>\n\t\t\t\t\t<\/div>\n\t\t<\/div>\n\t\t\t\t\t<\/div>\n\t\t<\/section>\n\t\t\t\t<\/div>\n\t\t","protected":false},"excerpt":{"rendered":"<p>Podolog\u00eda Te ofrecemos una soluci\u00f3n para cada necesidad Asistencia Sanitaria de Atenci\u00f3n a Domicilio Podolog\u00eda Este servicio va dirigido a todas las personas que, por falta de medios o de tiempo, no pueden desplazarse a un centro podol\u00f3gico.El cuidado de los pies es muy importante para el bienestar de la persona. Es especialmente importante en [&hellip;]<\/p>\n","protected":false},"author":2,"featured_media":0,"parent":219,"menu_order":330,"comment_status":"closed","ping_status":"closed","template":"elementor_header_footer","meta":{"_joinchat":[],"footnotes":""},"class_list":["post-618","page","type-page","status-publish","hentry"],"yoast_head":"<!-- This site is optimized with the Yoast SEO plugin v25.6 - https:\/\/yoast.com\/wordpress\/plugins\/seo\/ -->\n<title>Podolog\u00eda - Ajuda Social Lleida - Assist\u00e8ncia Sanitaria d&#039;Atenci\u00f3 a Domicili<\/title>\n<meta name=\"robots\" content=\"index, follow, max-snippet:-1, max-image-preview:large, max-video-preview:-1\" \/>\n<link rel=\"canonical\" href=\"https:\/\/ajudasociallleida.com\/es\/servicios\/podologia\/\" \/>\n<meta property=\"og:locale\" content=\"es_ES\" \/>\n<meta property=\"og:type\" content=\"article\" \/>\n<meta property=\"og:title\" content=\"Podolog\u00eda - Ajuda Social Lleida - Assist\u00e8ncia Sanitaria d&#039;Atenci\u00f3 a Domicili\" \/>\n<meta property=\"og:description\" content=\"Podolog\u00eda Te ofrecemos una soluci\u00f3n para cada necesidad Asistencia Sanitaria de Atenci\u00f3n a Domicilio Podolog\u00eda Este servicio va dirigido a todas las personas que, por falta de medios o de tiempo, no pueden desplazarse a un centro podol\u00f3gico.El cuidado de los pies es muy importante para el bienestar de la persona. Es especialmente importante en [&hellip;]\" \/>\n<meta property=\"og:url\" content=\"https:\/\/ajudasociallleida.com\/es\/servicios\/podologia\/\" \/>\n<meta property=\"og:site_name\" content=\"Ajuda Social Lleida - Assist\u00e8ncia Sanitaria d&#039;Atenci\u00f3 a Domicili\" \/>\n<meta property=\"article:modified_time\" content=\"2026-02-02T23:01:50+00:00\" \/>\n<meta property=\"og:image\" content=\"https:\/\/ajudasociallleida.com\/wp-content\/uploads\/2026\/02\/serveis-podologia-1000.jpg\" \/>\n\t<meta property=\"og:image:width\" content=\"1000\" \/>\n\t<meta property=\"og:image:height\" content=\"667\" \/>\n\t<meta property=\"og:image:type\" content=\"image\/jpeg\" \/>\n<meta name=\"twitter:card\" content=\"summary_large_image\" \/>\n<meta name=\"twitter:label1\" content=\"Tiempo de lectura\" \/>\n\t<meta name=\"twitter:data1\" content=\"1 minuto\" \/>\n<script type=\"application\/ld+json\" class=\"yoast-schema-graph\">{\"@context\":\"https:\/\/schema.org\",\"@graph\":[{\"@type\":\"WebPage\",\"@id\":\"https:\/\/ajudasociallleida.com\/es\/servicios\/podologia\/\",\"url\":\"https:\/\/ajudasociallleida.com\/es\/servicios\/podologia\/\",\"name\":\"Podolog\u00eda - Ajuda Social Lleida - Assist\u00e8ncia Sanitaria d&#039;Atenci\u00f3 a Domicili\",\"isPartOf\":{\"@id\":\"https:\/\/ajudasociallleida.com\/es\/#website\"},\"primaryImageOfPage\":{\"@id\":\"https:\/\/ajudasociallleida.com\/es\/servicios\/podologia\/#primaryimage\"},\"image\":{\"@id\":\"https:\/\/ajudasociallleida.com\/es\/servicios\/podologia\/#primaryimage\"},\"thumbnailUrl\":\"https:\/\/ajudasociallleida.com\/wp-content\/uploads\/2026\/02\/serveis-podologia-1000.jpg\",\"datePublished\":\"2026-02-02T21:04:53+00:00\",\"dateModified\":\"2026-02-02T23:01:50+00:00\",\"breadcrumb\":{\"@id\":\"https:\/\/ajudasociallleida.com\/es\/servicios\/podologia\/#breadcrumb\"},\"inLanguage\":\"es\",\"potentialAction\":[{\"@type\":\"ReadAction\",\"target\":[\"https:\/\/ajudasociallleida.com\/es\/servicios\/podologia\/\"]}]},{\"@type\":\"ImageObject\",\"inLanguage\":\"es\",\"@id\":\"https:\/\/ajudasociallleida.com\/es\/servicios\/podologia\/#primaryimage\",\"url\":\"https:\/\/ajudasociallleida.com\/wp-content\/uploads\/2026\/02\/serveis-podologia-1000.jpg\",\"contentUrl\":\"https:\/\/ajudasociallleida.com\/wp-content\/uploads\/2026\/02\/serveis-podologia-1000.jpg\"},{\"@type\":\"BreadcrumbList\",\"@id\":\"https:\/\/ajudasociallleida.com\/es\/servicios\/podologia\/#breadcrumb\",\"itemListElement\":[{\"@type\":\"ListItem\",\"position\":1,\"name\":\"Portada\",\"item\":\"https:\/\/ajudasociallleida.com\/es\/\"},{\"@type\":\"ListItem\",\"position\":2,\"name\":\"Servicios\",\"item\":\"https:\/\/ajudasociallleida.com\/es\/serveis\/\"},{\"@type\":\"ListItem\",\"position\":3,\"name\":\"Podolog\u00eda\"}]},{\"@type\":\"WebSite\",\"@id\":\"https:\/\/ajudasociallleida.com\/es\/#website\",\"url\":\"https:\/\/ajudasociallleida.com\/es\/\",\"name\":\"Ajuda Social Lleida - Assist\u00e8ncia Sanitaria d&#039;Atenci\u00f3 a Domicili\",\"description\":\"\",\"publisher\":{\"@id\":\"https:\/\/ajudasociallleida.com\/es\/#organization\"},\"potentialAction\":[{\"@type\":\"SearchAction\",\"target\":{\"@type\":\"EntryPoint\",\"urlTemplate\":\"https:\/\/ajudasociallleida.com\/es\/?s={search_term_string}\"},\"query-input\":{\"@type\":\"PropertyValueSpecification\",\"valueRequired\":true,\"valueName\":\"search_term_string\"}}],\"inLanguage\":\"es\"},{\"@type\":\"Organization\",\"@id\":\"https:\/\/ajudasociallleida.com\/es\/#organization\",\"name\":\"Ajuda Social Lleida - Assist\u00e8ncia Sanitaria d&#039;Atenci\u00f3 a Domicili\",\"url\":\"https:\/\/ajudasociallleida.com\/es\/\",\"logo\":{\"@type\":\"ImageObject\",\"inLanguage\":\"es\",\"@id\":\"https:\/\/ajudasociallleida.com\/es\/#\/schema\/logo\/image\/\",\"url\":\"https:\/\/ajudasociallleida.com\/wp-content\/uploads\/2025\/07\/cropped-logo-angelus-cafe-marron-e1755010077302.png\",\"contentUrl\":\"https:\/\/ajudasociallleida.com\/wp-content\/uploads\/2025\/07\/cropped-logo-angelus-cafe-marron-e1755010077302.png\",\"width\":1436,\"height\":411,\"caption\":\"Ajuda Social Lleida - Assist\u00e8ncia Sanitaria d&#039;Atenci\u00f3 a Domicili\"},\"image\":{\"@id\":\"https:\/\/ajudasociallleida.com\/es\/#\/schema\/logo\/image\/\"}}]}<\/script>\n<!-- \/ Yoast SEO plugin. -->","yoast_head_json":{"title":"Podolog\u00eda - Ajuda Social Lleida - Assist\u00e8ncia Sanitaria d&#039;Atenci\u00f3 a Domicili","robots":{"index":"index","follow":"follow","max-snippet":"max-snippet:-1","max-image-preview":"max-image-preview:large","max-video-preview":"max-video-preview:-1"},"canonical":"https:\/\/ajudasociallleida.com\/es\/servicios\/podologia\/","og_locale":"es_ES","og_type":"article","og_title":"Podolog\u00eda - Ajuda Social Lleida - Assist\u00e8ncia Sanitaria d&#039;Atenci\u00f3 a Domicili","og_description":"Podolog\u00eda Te ofrecemos una soluci\u00f3n para cada necesidad Asistencia Sanitaria de Atenci\u00f3n a Domicilio Podolog\u00eda Este servicio va dirigido a todas las personas que, por falta de medios o de tiempo, no pueden desplazarse a un centro podol\u00f3gico.El cuidado de los pies es muy importante para el bienestar de la persona. Es especialmente importante en [&hellip;]","og_url":"https:\/\/ajudasociallleida.com\/es\/servicios\/podologia\/","og_site_name":"Ajuda Social Lleida - Assist\u00e8ncia Sanitaria d&#039;Atenci\u00f3 a Domicili","article_modified_time":"2026-02-02T23:01:50+00:00","og_image":[{"width":1000,"height":667,"url":"https:\/\/ajudasociallleida.com\/wp-content\/uploads\/2026\/02\/serveis-podologia-1000.jpg","type":"image\/jpeg"}],"twitter_card":"summary_large_image","twitter_misc":{"Tiempo de lectura":"1 minuto"},"schema":{"@context":"https:\/\/schema.org","@graph":[{"@type":"WebPage","@id":"https:\/\/ajudasociallleida.com\/es\/servicios\/podologia\/","url":"https:\/\/ajudasociallleida.com\/es\/servicios\/podologia\/","name":"Podolog\u00eda - Ajuda Social Lleida - Assist\u00e8ncia Sanitaria d&#039;Atenci\u00f3 a Domicili","isPartOf":{"@id":"https:\/\/ajudasociallleida.com\/es\/#website"},"primaryImageOfPage":{"@id":"https:\/\/ajudasociallleida.com\/es\/servicios\/podologia\/#primaryimage"},"image":{"@id":"https:\/\/ajudasociallleida.com\/es\/servicios\/podologia\/#primaryimage"},"thumbnailUrl":"https:\/\/ajudasociallleida.com\/wp-content\/uploads\/2026\/02\/serveis-podologia-1000.jpg","datePublished":"2026-02-02T21:04:53+00:00","dateModified":"2026-02-02T23:01:50+00:00","breadcrumb":{"@id":"https:\/\/ajudasociallleida.com\/es\/servicios\/podologia\/#breadcrumb"},"inLanguage":"es","potentialAction":[{"@type":"ReadAction","target":["https:\/\/ajudasociallleida.com\/es\/servicios\/podologia\/"]}]},{"@type":"ImageObject","inLanguage":"es","@id":"https:\/\/ajudasociallleida.com\/es\/servicios\/podologia\/#primaryimage","url":"https:\/\/ajudasociallleida.com\/wp-content\/uploads\/2026\/02\/serveis-podologia-1000.jpg","contentUrl":"https:\/\/ajudasociallleida.com\/wp-content\/uploads\/2026\/02\/serveis-podologia-1000.jpg"},{"@type":"BreadcrumbList","@id":"https:\/\/ajudasociallleida.com\/es\/servicios\/podologia\/#breadcrumb","itemListElement":[{"@type":"ListItem","position":1,"name":"Portada","item":"https:\/\/ajudasociallleida.com\/es\/"},{"@type":"ListItem","position":2,"name":"Servicios","item":"https:\/\/ajudasociallleida.com\/es\/serveis\/"},{"@type":"ListItem","position":3,"name":"Podolog\u00eda"}]},{"@type":"WebSite","@id":"https:\/\/ajudasociallleida.com\/es\/#website","url":"https:\/\/ajudasociallleida.com\/es\/","name":"Ajuda Social Lleida - Assist\u00e8ncia Sanitaria d&#039;Atenci\u00f3 a Domicili","description":"","publisher":{"@id":"https:\/\/ajudasociallleida.com\/es\/#organization"},"potentialAction":[{"@type":"SearchAction","target":{"@type":"EntryPoint","urlTemplate":"https:\/\/ajudasociallleida.com\/es\/?s={search_term_string}"},"query-input":{"@type":"PropertyValueSpecification","valueRequired":true,"valueName":"search_term_string"}}],"inLanguage":"es"},{"@type":"Organization","@id":"https:\/\/ajudasociallleida.com\/es\/#organization","name":"Ajuda Social Lleida - Assist\u00e8ncia Sanitaria d&#039;Atenci\u00f3 a Domicili","url":"https:\/\/ajudasociallleida.com\/es\/","logo":{"@type":"ImageObject","inLanguage":"es","@id":"https:\/\/ajudasociallleida.com\/es\/#\/schema\/logo\/image\/","url":"https:\/\/ajudasociallleida.com\/wp-content\/uploads\/2025\/07\/cropped-logo-angelus-cafe-marron-e1755010077302.png","contentUrl":"https:\/\/ajudasociallleida.com\/wp-content\/uploads\/2025\/07\/cropped-logo-angelus-cafe-marron-e1755010077302.png","width":1436,"height":411,"caption":"Ajuda Social Lleida - Assist\u00e8ncia Sanitaria d&#039;Atenci\u00f3 a Domicili"},"image":{"@id":"https:\/\/ajudasociallleida.com\/es\/#\/schema\/logo\/image\/"}}]}},"_links":{"self":[{"href":"https:\/\/ajudasociallleida.com\/es\/wp-json\/wp\/v2\/pages\/618","targetHints":{"allow":["GET"]}}],"collection":[{"href":"https:\/\/ajudasociallleida.com\/es\/wp-json\/wp\/v2\/pages"}],"about":[{"href":"https:\/\/ajudasociallleida.com\/es\/wp-json\/wp\/v2\/types\/page"}],"author":[{"embeddable":true,"href":"https:\/\/ajudasociallleida.com\/es\/wp-json\/wp\/v2\/users\/2"}],"replies":[{"embeddable":true,"href":"https:\/\/ajudasociallleida.com\/es\/wp-json\/wp\/v2\/comments?post=618"}],"version-history":[{"count":5,"href":"https:\/\/ajudasociallleida.com\/es\/wp-json\/wp\/v2\/pages\/618\/revisions"}],"predecessor-version":[{"id":751,"href":"https:\/\/ajudasociallleida.com\/es\/wp-json\/wp\/v2\/pages\/618\/revisions\/751"}],"up":[{"embeddable":true,"href":"https:\/\/ajudasociallleida.com\/es\/wp-json\/wp\/v2\/pages\/219"}],"wp:attachment":[{"href":"https:\/\/ajudasociallleida.com\/es\/wp-json\/wp\/v2\/media?parent=618"}],"curies":[{"name":"wp","href":"https:\/\/api.w.org\/{rel}","templated":true}]}}